{"id":7,"date":"2020-11-01T14:58:11","date_gmt":"2020-11-01T14:58:11","guid":{"rendered":"https:\/\/hof-schuerli.ch\/?page_id=7"},"modified":"2020-11-01T15:46:20","modified_gmt":"2020-11-01T15:46:20","slug":"dienstleistungen","status":"publish","type":"page","link":"https:\/\/hofschuerli.ch\/index.php\/dienstleistungen\/","title":{"rendered":"Dienstleistungen"},"content":{"rendered":"<ul class=\"wp-block-latest-posts__list wp-block-latest-posts\"><li><div class=\"wp-block-latest-posts__featured-image\"><img loading=\"lazy\" decoding=\"async\" width=\"150\" height=\"150\" src=\"https:\/\/hofschuerli.ch\/wp-content\/uploads\/2020\/11\/Pferdepension-150x150.jpg\" class=\"attachment-thumbnail size-thumbnail wp-post-image\" alt=\"\" style=\"\" \/><\/div><a class=\"wp-block-latest-posts__post-title\" href=\"https:\/\/hofschuerli.ch\/index.php\/2020\/11\/01\/pferdepension\/\">Pferdepension<\/a><div class=\"wp-block-latest-posts__post-excerpt\">Seid 45 Jahren bl\u00fcht die Pferdepension Sch\u00fcrli im T\u00f6sstal. Sie wurde von Andreas Kurtz gegr\u00fcndet und nun von der Familie Kurtz gef\u00fchrt. Unsere Pferdepension sorgt f\u00fcr alle Grundbed\u00fcrfnisse der Pferde. Das wichtigste Grundbed\u00fcrfnis &#171;das soziale Familienleben des Pferdes&#187; ist unsere Passion. Bei uns leben alle Pferde in einer Herde. In [&hellip;]<\/div><\/li>\n<li><div class=\"wp-block-latest-posts__featured-image\"><img loading=\"lazy\" decoding=\"async\" width=\"150\" height=\"150\" src=\"https:\/\/hofschuerli.ch\/wp-content\/uploads\/2020\/11\/Ethologieschule-150x150.jpg\" class=\"attachment-thumbnail size-thumbnail wp-post-image\" alt=\"\" style=\"\" \/><\/div><a class=\"wp-block-latest-posts__post-title\" href=\"https:\/\/hofschuerli.ch\/index.php\/2020\/11\/01\/ethologieschule\/\">Ethologieschule<\/a><div class=\"wp-block-latest-posts__post-excerpt\">Sie bekommen Wissen aus erster Hand. Sie lernen Grundlagen welche Ihnen das Pferd als Tier n\u00e4her bringt. Bei uns sind Sie am richtigen Ort um der Frage nach Haltung, Training, F\u00fctterung und vielem mehr, nachzugehen. Sie bekommen die Antwort aus erster Hand von Referenten, die aus Ihrem unglaublichen Fundus an [&hellip;]<\/div><\/li>\n<li><div class=\"wp-block-latest-posts__featured-image\"><img loading=\"lazy\" decoding=\"async\" width=\"150\" height=\"150\" src=\"https:\/\/hofschuerli.ch\/wp-content\/uploads\/2020\/11\/Artgerechter-Stallbau-150x150.jpg\" class=\"attachment-thumbnail size-thumbnail wp-post-image\" alt=\"\" style=\"\" \/><\/div><a class=\"wp-block-latest-posts__post-title\" href=\"https:\/\/hofschuerli.ch\/index.php\/2020\/11\/01\/artgerechter-stallbau\/\">Artgerechter Stallbau<\/a><div class=\"wp-block-latest-posts__post-excerpt\">Animal Consulting \/Andreas Kurtz, dann wenn Sie einen Experten suchen, der seid 40 Jahren Pferde selber h\u00e4lt. Wenn Sie nicht nach Modetrends schauen, sondern nach echten L\u00f6sungen, dann sind Sie bei mir richtig. F\u00fcr Pferde habe ich schon dutzende St\u00e4lle entworfen und beim Bau begleitet. Sie profitiern von meinem Wissen [&hellip;]<\/div><\/li>\n<li><div class=\"wp-block-latest-posts__featured-image\"><img loading=\"lazy\" decoding=\"async\" width=\"150\" height=\"150\" src=\"https:\/\/hofschuerli.ch\/wp-content\/uploads\/2020\/11\/Pferde-Betreuung-150x150.jpg\" class=\"attachment-thumbnail size-thumbnail wp-post-image\" alt=\"\" style=\"\" \/><\/div><a class=\"wp-block-latest-posts__post-title\" href=\"https:\/\/hofschuerli.ch\/index.php\/2020\/11\/01\/betreuung-und-auskurierung-von-kranken-pferden\/\">Betreuung und Auskurierung von kranken Pferden<\/a><div class=\"wp-block-latest-posts__post-excerpt\">Schon viele Kunden haben ihren kranken Pferde zu uns gebracht, um den Pferden und den Besitzern eine Auszeit zu g\u00f6nnen. Viele Pferde brauchen Zeit, um sich zu regenerieren. Da sind sie bei uns auf den grossen Sommerweiden genau richtig. Sie bekommen gutes Futter, k\u00f6nnen ihre Kr\u00e4fte selber einteilen und der [&hellip;]<\/div><\/li>\n<li><a class=\"wp-block-latest-posts__post-title\" href=\"https:\/\/hofschuerli.ch\/index.php\/2020\/11\/01\/landmaschinen-und-lohnarbeiten-gmbh\/\">Landmaschinen- und Lohnarbeiten GmbH<\/a><div class=\"wp-block-latest-posts__post-excerpt\">Florian Kurtz<\/div><\/li>\n<\/ul>","protected":false},"excerpt":{"rendered":"","protected":false},"author":1,"featured_media":0,"parent":0,"menu_order":0,"comment_status":"closed","ping_status":"closed","template":"","meta":{"footnotes":""},"class_list":["post-7","page","type-page","status-publish","hentry"],"_links":{"self":[{"href":"https:\/\/hofschuerli.ch\/index.php\/wp-json\/wp\/v2\/pages\/7"}],"collection":[{"href":"https:\/\/hofschuerli.ch\/index.php\/wp-json\/wp\/v2\/pages"}],"about":[{"href":"https:\/\/hofschuerli.ch\/index.php\/wp-json\/wp\/v2\/types\/page"}],"author":[{"embeddable":true,"href":"https:\/\/hofschuerli.ch\/index.php\/wp-json\/wp\/v2\/users\/1"}],"replies":[{"embeddable":true,"href":"https:\/\/hofschuerli.ch\/index.php\/wp-json\/wp\/v2\/comments?post=7"}],"version-history":[{"count":8,"href":"https:\/\/hofschuerli.ch\/index.php\/wp-json\/wp\/v2\/pages\/7\/revisions"}],"predecessor-version":[{"id":55,"href":"https:\/\/hofschuerli.ch\/index.php\/wp-json\/wp\/v2\/pages\/7\/revisions\/55"}],"wp:attachment":[{"href":"https:\/\/hofschuerli.ch\/index.php\/wp-json\/wp\/v2\/media?parent=7"}],"curies":[{"name":"wp","href":"https:\/\/api.w.org\/{rel}","templated":true}]}}